{"id":323,"date":"2021-08-13T08:37:13","date_gmt":"2021-08-13T08:37:13","guid":{"rendered":"https:\/\/cmcc.lu\/mediation\/"},"modified":"2026-01-29T13:26:41","modified_gmt":"2026-01-29T13:26:41","slug":"mediation","status":"publish","type":"page","link":"https:\/\/www.cmcc.lu\/de\/mediation\/","title":{"rendered":"Mediation"},"content":{"rendered":"","protected":false},"excerpt":{"rendered":"","protected":false},"author":1,"featured_media":0,"parent":0,"menu_order":0,"comment_status":"closed","ping_status":"closed","template":"page-templates\/template-mediation.php","meta":{"_acf_changed":false,"inline_featured_image":false,"footnotes":""},"class_list":["post-323","page","type-page","status-publish","hentry"],"acf":[],"yoast_head":"<!-- This site is optimized with the Yoast SEO plugin v25.8 - https:\/\/yoast.com\/wordpress\/plugins\/seo\/ -->\n<title>Mediation - CMCC - Centre de M\u00e9diation Civile et Commerciale<\/title>\n<meta name=\"description\" content=\"Die Mediation im Dienst von B\u00fcrgern und Unternehmen. Die Mediation ist eine neue Konfliktl\u00f6sungstechnik, die gesetzlich vorgesehen und geregelt ist.\" \/>\n<meta name=\"robots\" content=\"index, follow, max-snippet:-1, max-image-preview:large, max-video-preview:-1\" \/>\n<link rel=\"canonical\" href=\"https:\/\/www.cmcc.lu\/de\/mediation\/\" \/>\n<meta property=\"og:locale\" content=\"de_DE\" \/>\n<meta property=\"og:type\" content=\"article\" \/>\n<meta property=\"og:title\" content=\"Mediation - CMCC - Centre de M\u00e9diation Civile et Commerciale\" \/>\n<meta property=\"og:description\" content=\"Die Mediation im Dienst von B\u00fcrgern und Unternehmen. Die Mediation ist eine neue Konfliktl\u00f6sungstechnik, die gesetzlich vorgesehen und geregelt ist.\" \/>\n<meta property=\"og:url\" content=\"https:\/\/www.cmcc.lu\/de\/mediation\/\" \/>\n<meta property=\"og:site_name\" content=\"CMCC\" \/>\n<meta property=\"article:modified_time\" content=\"2026-01-29T13:26:41+00:00\" \/>\n<meta name=\"twitter:card\" content=\"summary_large_image\" \/>\n<script type=\"application\/ld+json\" class=\"yoast-schema-graph\">{\"@context\":\"https:\/\/schema.org\",\"@graph\":[{\"@type\":\"WebPage\",\"@id\":\"https:\/\/www.cmcc.lu\/de\/mediation\/\",\"url\":\"https:\/\/www.cmcc.lu\/de\/mediation\/\",\"name\":\"Mediation - CMCC - Centre de M\u00e9diation Civile et Commerciale\",\"isPartOf\":{\"@id\":\"https:\/\/www.cmcc.lu\/de\/#website\"},\"datePublished\":\"2021-08-13T08:37:13+00:00\",\"dateModified\":\"2026-01-29T13:26:41+00:00\",\"description\":\"Die Mediation im Dienst von B\u00fcrgern und Unternehmen. Die Mediation ist eine neue Konfliktl\u00f6sungstechnik, die gesetzlich vorgesehen und geregelt ist.\",\"breadcrumb\":{\"@id\":\"https:\/\/www.cmcc.lu\/de\/mediation\/#breadcrumb\"},\"inLanguage\":\"de\",\"potentialAction\":[{\"@type\":\"ReadAction\",\"target\":[\"https:\/\/www.cmcc.lu\/de\/mediation\/\"]}]},{\"@type\":\"BreadcrumbList\",\"@id\":\"https:\/\/www.cmcc.lu\/de\/mediation\/#breadcrumb\",\"itemListElement\":[{\"@type\":\"ListItem\",\"position\":1,\"name\":\"Home\",\"item\":\"https:\/\/www.cmcc.lu\/de\/\"},{\"@type\":\"ListItem\",\"position\":2,\"name\":\"Mediation\"}]},{\"@type\":\"WebSite\",\"@id\":\"https:\/\/www.cmcc.lu\/de\/#website\",\"url\":\"https:\/\/www.cmcc.lu\/de\/\",\"name\":\"CMCC\",\"description\":\"My WordPress Blog\",\"potentialAction\":[{\"@type\":\"SearchAction\",\"target\":{\"@type\":\"EntryPoint\",\"urlTemplate\":\"https:\/\/www.cmcc.lu\/de\/?s={search_term_string}\"},\"query-input\":{\"@type\":\"PropertyValueSpecification\",\"valueRequired\":true,\"valueName\":\"search_term_string\"}}],\"inLanguage\":\"de\"}]}<\/script>\n<!-- \/ Yoast SEO plugin. -->","yoast_head_json":{"title":"Mediation - CMCC - Centre de M\u00e9diation Civile et Commerciale","description":"Die Mediation im Dienst von B\u00fcrgern und Unternehmen. Die Mediation ist eine neue Konfliktl\u00f6sungstechnik, die gesetzlich vorgesehen und geregelt ist.","robots":{"index":"index","follow":"follow","max-snippet":"max-snippet:-1","max-image-preview":"max-image-preview:large","max-video-preview":"max-video-preview:-1"},"canonical":"https:\/\/www.cmcc.lu\/de\/mediation\/","og_locale":"de_DE","og_type":"article","og_title":"Mediation - CMCC - Centre de M\u00e9diation Civile et Commerciale","og_description":"Die Mediation im Dienst von B\u00fcrgern und Unternehmen. Die Mediation ist eine neue Konfliktl\u00f6sungstechnik, die gesetzlich vorgesehen und geregelt ist.","og_url":"https:\/\/www.cmcc.lu\/de\/mediation\/","og_site_name":"CMCC","article_modified_time":"2026-01-29T13:26:41+00:00","twitter_card":"summary_large_image","schema":{"@context":"https:\/\/schema.org","@graph":[{"@type":"WebPage","@id":"https:\/\/www.cmcc.lu\/de\/mediation\/","url":"https:\/\/www.cmcc.lu\/de\/mediation\/","name":"Mediation - CMCC - Centre de M\u00e9diation Civile et Commerciale","isPartOf":{"@id":"https:\/\/www.cmcc.lu\/de\/#website"},"datePublished":"2021-08-13T08:37:13+00:00","dateModified":"2026-01-29T13:26:41+00:00","description":"Die Mediation im Dienst von B\u00fcrgern und Unternehmen. Die Mediation ist eine neue Konfliktl\u00f6sungstechnik, die gesetzlich vorgesehen und geregelt ist.","breadcrumb":{"@id":"https:\/\/www.cmcc.lu\/de\/mediation\/#breadcrumb"},"inLanguage":"de","potentialAction":[{"@type":"ReadAction","target":["https:\/\/www.cmcc.lu\/de\/mediation\/"]}]},{"@type":"BreadcrumbList","@id":"https:\/\/www.cmcc.lu\/de\/mediation\/#breadcrumb","itemListElement":[{"@type":"ListItem","position":1,"name":"Home","item":"https:\/\/www.cmcc.lu\/de\/"},{"@type":"ListItem","position":2,"name":"Mediation"}]},{"@type":"WebSite","@id":"https:\/\/www.cmcc.lu\/de\/#website","url":"https:\/\/www.cmcc.lu\/de\/","name":"CMCC","description":"My WordPress Blog","potentialAction":[{"@type":"SearchAction","target":{"@type":"EntryPoint","urlTemplate":"https:\/\/www.cmcc.lu\/de\/?s={search_term_string}"},"query-input":{"@type":"PropertyValueSpecification","valueRequired":true,"valueName":"search_term_string"}}],"inLanguage":"de"}]}},"_links":{"self":[{"href":"https:\/\/www.cmcc.lu\/de\/wp-json\/wp\/v2\/pages\/323","targetHints":{"allow":["GET"]}}],"collection":[{"href":"https:\/\/www.cmcc.lu\/de\/wp-json\/wp\/v2\/pages"}],"about":[{"href":"https:\/\/www.cmcc.lu\/de\/wp-json\/wp\/v2\/types\/page"}],"author":[{"embeddable":true,"href":"https:\/\/www.cmcc.lu\/de\/wp-json\/wp\/v2\/users\/1"}],"replies":[{"embeddable":true,"href":"https:\/\/www.cmcc.lu\/de\/wp-json\/wp\/v2\/comments?post=323"}],"version-history":[{"count":11,"href":"https:\/\/www.cmcc.lu\/de\/wp-json\/wp\/v2\/pages\/323\/revisions"}],"predecessor-version":[{"id":2901,"href":"https:\/\/www.cmcc.lu\/de\/wp-json\/wp\/v2\/pages\/323\/revisions\/2901"}],"wp:attachment":[{"href":"https:\/\/www.cmcc.lu\/de\/wp-json\/wp\/v2\/media?parent=323"}],"curies":[{"name":"wp","href":"https:\/\/api.w.org\/{rel}","templated":true}]}}